{"id":1150,"date":"2025-10-23T15:31:00","date_gmt":"2025-10-23T13:31:00","guid":{"rendered":"https:\/\/clevermelt.adaptivetech.es\/legal-notice\/"},"modified":"2025-11-05T17:35:30","modified_gmt":"2025-11-05T16:35:30","slug":"aviso-legal","status":"publish","type":"page","link":"https:\/\/clevermelt.com\/es\/aviso-legal\/","title":{"rendered":"Aviso Legal"},"content":{"rendered":"[vc_row type=\u00bbin_container\u00bb full_screen_row_position=\u00bbmiddle\u00bb column_margin=\u00bbdefault\u00bb column_direction=\u00bbdefault\u00bb column_direction_tablet=\u00bbdefault\u00bb column_direction_phone=\u00bbdefault\u00bb scene_position=\u00bbcenter\u00bb bottom_padding=\u00bb150&#8243; text_color=\u00bbdark\u00bb text_align=\u00bbleft\u00bb row_border_radius=\u00bbnone\u00bb row_border_radius_applies=\u00bbbg\u00bb overflow=\u00bbvisible\u00bb overlay_strength=\u00bb0.3&#8243; gradient_direction=\u00bbleft_to_right\u00bb shape_divider_position=\u00bbbottom\u00bb bg_image_animation=\u00bbnone\u00bb gradient_type=\u00bbdefault\u00bb shape_type=\u00bb\u00bb][vc_column column_padding=\u00bbno-extra-padding\u00bb column_padding_tablet=\u00bbinherit\u00bb column_padding_phone=\u00bbinherit\u00bb column_padding_position=\u00bball\u00bb column_element_direction_desktop=\u00bbdefault\u00bb column_element_spacing=\u00bbdefault\u00bb desktop_text_alignment=\u00bbdefault\u00bb tablet_text_alignment=\u00bbdefault\u00bb phone_text_alignment=\u00bbdefault\u00bb background_color_opacity=\u00bb1&#8243; background_hover_color_opacity=\u00bb1&#8243; column_backdrop_filter=\u00bbnone\u00bb column_shadow=\u00bbnone\u00bb column_border_radius=\u00bbnone\u00bb column_link_target=\u00bb_self\u00bb column_position=\u00bbdefault\u00bb gradient_direction=\u00bbleft_to_right\u00bb overlay_strength=\u00bb0.3&#8243; width=\u00bb1\/1&#8243; tablet_width_inherit=\u00bbdefault\u00bb animation_type=\u00bbdefault\u00bb bg_image_animation=\u00bbnone\u00bb border_type=\u00bbsimple\u00bb column_border_width=\u00bbnone\u00bb column_border_style=\u00bbsolid\u00bb][vc_column_text css=\u00bb\u00bb text_direction=\u00bbdefault\u00bb]\n<section class=\"legal-notice\">\n<h1>Aviso Legal<\/h1>\n<p>&nbsp;<\/p>\n<h3>Identificaci\u00f3n del Titular<\/h3>\n<p>De conformidad con lo dispuesto en la Ley n\u00ba 365\/2002 sobre el Comercio Electr\u00f3nico, se facilitan a continuaci\u00f3n los datos relativos a la entidad responsable de este sitio web:<\/p>\n<ul>\n<li><strong>Nombre comercial:<\/strong> Clevermelt Solutions SRL<\/li>\n<li><strong>NIF:<\/strong> RO52593920<\/li>\n<li><strong>Domicilio social:<\/strong> Sobarilor 38, 400270 Cluj Napoca, Ruman\u00eda<\/li>\n<li><strong>Correo electr\u00f3nico:<\/strong> <a href=\"mailto:info@clevermelt.com\">info@clevermelt.com<\/a><\/li>\n<\/ul>\n<h3>Finalidad del Sitio Web<\/h3>\n<p>La finalidad principal del sitio web es ofrecer informaci\u00f3n sobre la empresa, sus servicios y los medios de contacto.<\/p>\n<h3>Condiciones de Uso<\/h3>\n<p>Al acceder y navegar por este sitio web, usted adquiere la condici\u00f3n de usuario y acepta plenamente los t\u00e9rminos establecidos en este Aviso Legal, as\u00ed como en la Pol\u00edtica de Privacidad y la Pol\u00edtica de Cookies.<\/p>\n<p>Si no est\u00e1 de acuerdo con estos t\u00e9rminos, le rogamos que se abstenga de utilizar este sitio web. El acceso al sitio no implica el establecimiento de ninguna relaci\u00f3n comercial o profesional entre el usuario y Clevermelt Solutions.<\/p>\n<p>Los usuarios se comprometen a no hacer un uso indebido de los contenidos y servicios ofrecidos, ni a realizar actividades il\u00edcitas o da\u00f1inas que puedan perjudicar al sitio web o a terceros.<\/p>\n<h3>Requisito de Edad<\/h3>\n<p>Para utilizar los servicios proporcionados a trav\u00e9s de este sitio web, debe tener al menos 18 a\u00f1os o la mayor\u00eda de edad legal en su pa\u00eds de residencia. Si es menor de la edad requerida, ser\u00e1 necesario el consentimiento de un padre, madre o tutor legal.<\/p>\n<h3>Medidas de Seguridad<\/h3>\n<p>Los datos personales proporcionados por los usuarios podr\u00e1n almacenarse en bases de datos automatizadas o no automatizadas, propiedad exclusiva de Clevermelt Solutions, que aplica todas las medidas t\u00e9cnicas, organizativas y de seguridad razonables para garantizar la confidencialidad, integridad y calidad de la informaci\u00f3n.<\/p>\n<p>No obstante, los usuarios deben ser conscientes de que ning\u00fan sistema basado en Internet es completamente seguro, y que Clevermelt Solutions no puede garantizar la ausencia total de malware u otros elementos da\u00f1inos, aunque se adoptan todas las precauciones necesarias.<\/p>\n<h3>Exenci\u00f3n de Responsabilidad sobre el Contenido<\/h3>\n<p>La informaci\u00f3n, materiales y contenidos multimedia disponibles en este sitio web provienen de fuentes fiables. Aunque Clevermelt Solutions se esfuerza por garantizar su exactitud y actualizaci\u00f3n, no se ofrece ninguna garant\u00eda sobre su integridad o vigencia. La empresa no se hace responsable de los errores u omisiones en la informaci\u00f3n proporcionada.<\/p>\n<p>Est\u00e1 estrictamente prohibido transmitir a trav\u00e9s del sitio web contenidos il\u00edcitos, da\u00f1inos u ofensivos, incluidos, entre otros, virus inform\u00e1ticos o mensajes que puedan vulnerar los derechos de la empresa o de terceros.<\/p>\n<p>Los contenidos del sitio web tienen un car\u00e1cter meramente informativo y no deben considerarse ofertas vinculantes ni asesoramiento profesional, salvo que se indique expresamente lo contrario.<\/p>\n<h3>Cookies<\/h3>\n<p>La informaci\u00f3n sobre c\u00f3mo se recogen y utilizan las cookies puede consultarse en la <a href=\"\/cookie-policy\">Pol\u00edtica de Cookies<\/a> disponible en este sitio web.<\/p>\n<h3>Enlaces Externos<\/h3>\n<p>Este sitio web puede incluir enlaces a sitios de terceros, proporcionados \u00fanicamente para la comodidad de los usuarios. Clevermelt Solutions no se responsabiliza del contenido, los servicios o los resultados derivados del acceso a dichos recursos externos, ya que se encuentran fuera de su control.<\/p>\n<p>La existencia de un enlace no implica ninguna asociaci\u00f3n, respaldo o recomendaci\u00f3n por parte de Clevermelt Solutions.<\/p>\n<h3>Propiedad Intelectual e Industrial<\/h3>\n<p>Todos los derechos est\u00e1n reservados. Queda estrictamente prohibida cualquier forma de reproducci\u00f3n, almacenamiento permanente, distribuci\u00f3n p\u00fablica o uso comercial de los contenidos del sitio web sin la autorizaci\u00f3n previa y por escrito de Clevermelt Solutions.<\/p>\n<h3>Limitaci\u00f3n de Responsabilidad<\/h3>\n<p>La informaci\u00f3n y los servicios ofrecidos en el sitio web pueden contener inexactitudes o errores tipogr\u00e1ficos. Se podr\u00e1n realizar actualizaciones y cambios en cualquier momento.<\/p>\n<p>Clevermelt Solutions no garantiza la disponibilidad ininterrumpida del sitio web ni que est\u00e9 libre de errores o elementos da\u00f1inos, aunque se realizan todos los esfuerzos para evitar tales incidencias.<\/p>\n<p>La empresa no se responsabiliza de los da\u00f1os derivados de interrupciones del servicio, fallos t\u00e9cnicos, cortes de red u otras circunstancias fuera de su control.<br \/>\nSe recomienda a los usuarios verificar la exactitud de la informaci\u00f3n antes de tomar decisiones basadas en ella.<\/p>\n<h3>Jurisdicci\u00f3n<\/h3>\n<p>El presente Aviso Legal se rige exclusivamente por la legislaci\u00f3n rumana. Para cualquier controversia derivada de la interpretaci\u00f3n o aplicaci\u00f3n de este aviso, las partes se someten a los juzgados y tribunales del condado de Cluj, renunciando expresamente a cualquier otro fuero que pudiera corresponderles.<\/p>\n<h3>Contacto<\/h3>\n<p>Para cualquier consulta relacionada con este Aviso Legal, puede ponerse en contacto con Clevermelt Solutions en: <a href=\"mailto:info@clevermelt.com\">info@clevermelt.com<\/a><\/p>\n<\/section>\n[\/vc_column_text][\/vc_column][\/vc_row][vc_row type=\u00bbin_container\u00bb full_screen_row_position=\u00bbmiddle\u00bb column_margin=\u00bbdefault\u00bb column_direction=\u00bbdefault\u00bb column_direction_tablet=\u00bbdefault\u00bb column_direction_phone=\u00bbdefault\u00bb scene_position=\u00bbcenter\u00bb text_color=\u00bbdark\u00bb text_align=\u00bbleft\u00bb row_border_radius=\u00bbnone\u00bb row_border_radius_applies=\u00bbbg\u00bb overflow=\u00bbvisible\u00bb overlay_strength=\u00bb0.3&#8243; gradient_direction=\u00bbleft_to_right\u00bb shape_divider_position=\u00bbbottom\u00bb bg_image_animation=\u00bbnone\u00bb][vc_column column_padding=\u00bbno-extra-padding\u00bb column_padding_tablet=\u00bbinherit\u00bb column_padding_phone=\u00bbinherit\u00bb column_padding_position=\u00bball\u00bb column_element_direction_desktop=\u00bbdefault\u00bb column_element_spacing=\u00bbdefault\u00bb desktop_text_alignment=\u00bbdefault\u00bb tablet_text_alignment=\u00bbdefault\u00bb phone_text_alignment=\u00bbdefault\u00bb background_color_opacity=\u00bb1&#8243; background_hover_color_opacity=\u00bb1&#8243; column_backdrop_filter=\u00bbnone\u00bb column_shadow=\u00bbnone\u00bb column_border_radius=\u00bbnone\u00bb column_link_target=\u00bb_self\u00bb column_position=\u00bbdefault\u00bb gradient_direction=\u00bbleft_to_right\u00bb overlay_strength=\u00bb0.3&#8243; width=\u00bb1\/1&#8243; tablet_width_inherit=\u00bbdefault\u00bb animation_type=\u00bbdefault\u00bb bg_image_animation=\u00bbnone\u00bb border_type=\u00bbsimple\u00bb column_border_width=\u00bbnone\u00bb column_border_style=\u00bbsolid\u00bb][nectar_global_section id=\u00bb36&#8243;][\/vc_column][\/vc_row]\n","protected":false},"excerpt":{"rendered":"<p>[vc_row type=\u00bbin_container\u00bb full_screen_row_position=\u00bbmiddle\u00bb column_margin=\u00bbdefault\u00bb column_direction=\u00bbdefault\u00bb column_direction_tablet=\u00bbdefault\u00bb column_direction_phone=\u00bbdefault\u00bb scene_position=\u00bbcenter\u00bb bottom_padding=\u00bb150&#8243; text_color=\u00bbdark\u00bb text_align=\u00bbleft\u00bb row_border_radius=\u00bbnone\u00bb row_border_radius_applies=\u00bbbg\u00bb overflow=\u00bbvisible\u00bb overlay_strength=\u00bb0.3&#8243; gradient_direction=\u00bbleft_to_right\u00bb shape_divider_position=\u00bbbottom\u00bb bg_image_animation=\u00bbnone\u00bb gradient_type=\u00bbdefault\u00bb shape_type=\u00bb\u00bb][vc_column column_padding=\u00bbno-extra-padding\u00bb column_padding_tablet=\u00bbinherit\u00bb column_padding_phone=\u00bbinherit\u00bb column_padding_position=\u00bball\u00bb column_element_direction_desktop=\u00bbdefault\u00bb column_element_spacing=\u00bbdefault\u00bb desktop_text_alignment=\u00bbdefault\u00bb tablet_text_alignment=\u00bbdefault\u00bb phone_text_alignment=\u00bbdefault\u00bb background_color_opacity=\u00bb1&#8243;&#8230;<\/p>\n","protected":false},"author":2,"featured_media":0,"parent":0,"menu_order":0,"comment_status":"closed","ping_status":"closed","template":"","meta":{"footnotes":""},"class_list":["post-1150","page","type-page","status-publish"],"_links":{"self":[{"href":"https:\/\/clevermelt.com\/es\/wp-json\/wp\/v2\/pages\/1150","targetHints":{"allow":["GET"]}}],"collection":[{"href":"https:\/\/clevermelt.com\/es\/wp-json\/wp\/v2\/pages"}],"about":[{"href":"https:\/\/clevermelt.com\/es\/wp-json\/wp\/v2\/types\/page"}],"author":[{"embeddable":true,"href":"https:\/\/clevermelt.com\/es\/wp-json\/wp\/v2\/users\/2"}],"replies":[{"embeddable":true,"href":"https:\/\/clevermelt.com\/es\/wp-json\/wp\/v2\/comments?post=1150"}],"version-history":[{"count":3,"href":"https:\/\/clevermelt.com\/es\/wp-json\/wp\/v2\/pages\/1150\/revisions"}],"predecessor-version":[{"id":1223,"href":"https:\/\/clevermelt.com\/es\/wp-json\/wp\/v2\/pages\/1150\/revisions\/1223"}],"wp:attachment":[{"href":"https:\/\/clevermelt.com\/es\/wp-json\/wp\/v2\/media?parent=1150"}],"curies":[{"name":"wp","href":"https:\/\/api.w.org\/{rel}","templated":true}]}}