{"id":1098,"date":"2025-10-17T13:23:28","date_gmt":"2025-10-17T11:23:28","guid":{"rendered":"https:\/\/clevermelt.adaptivetech.es\/consulting-project-support\/"},"modified":"2025-10-29T18:33:04","modified_gmt":"2025-10-29T17:33:04","slug":"consultoria-y-apoyo-a-proyectos","status":"publish","type":"page","link":"https:\/\/clevermelt.com\/es\/consultoria-y-apoyo-a-proyectos\/","title":{"rendered":"Consultor\u00eda y apoyo a proyectos"},"content":{"rendered":"[vc_row type=\u00bbfull_width_background\u00bb full_screen_row_position=\u00bbmiddle\u00bb column_margin=\u00bbdefault\u00bb equal_height=\u00bbyes\u00bb content_placement=\u00bbbottom\u00bb column_direction=\u00bbdefault\u00bb column_direction_tablet=\u00bbdefault\u00bb column_direction_phone=\u00bbdefault\u00bb scene_position=\u00bbcenter\u00bb top_padding=\u00bb8%\u00bb bottom_padding=\u00bb4%\u00bb top_padding_tablet=\u00bb20%\u00bb bottom_padding_tablet=\u00bb20%\u00bb top_padding_phone=\u00bb20%\u00bb bottom_padding_phone=\u00bb20%\u00bb text_color=\u00bbdark\u00bb text_align=\u00bbleft\u00bb row_border_radius=\u00bbnone\u00bb row_border_radius_applies=\u00bbbg\u00bb overflow=\u00bbvisible\u00bb class=\u00bbzoom-hero\u00bb color_overlay_2=\u00bb#FFFFFF\u00bb overlay_strength=\u00bb1&#8243; gradient_direction=\u00bbtop_to_bottom\u00bb shape_divider_position=\u00bbbottom\u00bb bg_image_animation=\u00bbclip-path\u00bb clip_path_animation_type=\u00bbscroll\u00bb clip_path_animation_applies=\u00bbdefault\u00bb clip_path_start_left_desktop=\u00bb0&#8243; clip_path_start_right_desktop=\u00bb0&#8243; clip_path_end_left_desktop=\u00bb0%\u00bb clip_path_end_right_desktop=\u00bb0%\u00bb clip_path_start_roundness=\u00bb0&#8243; clip_path_end_roundness=\u00bb0px\u00bb animation_trigger_offset=\u00bb0.00,50.00&#8243; animation_trigger_origin=\u00bbbottom\u00bb shape_type=\u00bb\u00bb gradient_type=\u00bbdefault\u00bb][vc_column column_padding=\u00bbno-extra-padding\u00bb column_padding_tablet=\u00bbinherit\u00bb column_padding_phone=\u00bbinherit\u00bb column_padding_position=\u00bball\u00bb column_element_direction_desktop=\u00bbdefault\u00bb column_element_spacing=\u00bbdefault\u00bb desktop_text_alignment=\u00bbdefault\u00bb tablet_text_alignment=\u00bbdefault\u00bb phone_text_alignment=\u00bbdefault\u00bb background_color_opacity=\u00bb1&#8243; background_hover_color_opacity=\u00bb1&#8243; column_backdrop_filter=\u00bbnone\u00bb column_shadow=\u00bbnone\u00bb column_border_radius=\u00bbnone\u00bb column_link_target=\u00bb_self\u00bb column_position=\u00bbdefault\u00bb gradient_direction=\u00bbleft_to_right\u00bb overlay_strength=\u00bb0.3&#8243; width=\u00bb1\/1&#8243; tablet_width_inherit=\u00bbdefault\u00bb animation_type=\u00bbdefault\u00bb bg_image_animation=\u00bbnone\u00bb border_type=\u00bbsimple\u00bb column_border_width=\u00bbnone\u00bb column_border_style=\u00bbsolid\u00bb][vc_row_inner equal_height=\u00bbyes\u00bb content_placement=\u00bbbottom\u00bb column_margin=\u00bbdefault\u00bb column_direction=\u00bbdefault\u00bb column_direction_tablet=\u00bbdefault\u00bb column_direction_phone=\u00bbdefault\u00bb text_align=\u00bbleft\u00bb row_position=\u00bbdefault\u00bb row_position_tablet=\u00bbinherit\u00bb row_position_phone=\u00bbinherit\u00bb overflow=\u00bbvisible\u00bb pointer_events=\u00bball\u00bb][vc_column_inner column_padding=\u00bbno-extra-padding\u00bb column_padding_tablet=\u00bbinherit\u00bb column_padding_phone=\u00bbinherit\u00bb column_padding_position=\u00bbbottom\u00bb column_element_direction_desktop=\u00bbdefault\u00bb column_element_spacing=\u00bbdefault\u00bb desktop_text_alignment=\u00bbdefault\u00bb tablet_text_alignment=\u00bbdefault\u00bb phone_text_alignment=\u00bbdefault\u00bb background_color_opacity=\u00bb1&#8243; background_hover_color_opacity=\u00bb1&#8243; column_backdrop_filter=\u00bbnone\u00bb column_shadow=\u00bbnone\u00bb column_border_radius=\u00bbnone\u00bb column_link_target=\u00bb_self\u00bb overflow=\u00bbvisible\u00bb gradient_direction=\u00bbleft_to_right\u00bb overlay_strength=\u00bb0.3&#8243; width=\u00bb3\/4&#8243; tablet_width_inherit=\u00bbdefault\u00bb animation_type=\u00bbdefault\u00bb bg_image_animation=\u00bbnone\u00bb border_type=\u00bbsimple\u00bb column_border_width=\u00bbnone\u00bb column_border_style=\u00bbsolid\u00bb][split_line_heading animation_type=\u00bbtwist-in\u00bb font_style=\u00bbh1&#8243; content_alignment=\u00bbleft\u00bb mobile_content_alignment=\u00bbinherit\u00bb link_target=\u00bb_self\u00bb font_line_height=\u00bb1.4&#8243; text_direction=\u00bbdefault\u00bb text_content=\u00bbConsultor\u00eda y apoyo a proyectos\u00bb][\/split_line_heading][split_line_heading animation_type=\u00bbline-reveal-by-space\u00bb font_style=\u00bbp\u00bb line_reveal_by_space_text_effect=\u00bbnone\u00bb content_alignment=\u00bbdefault\u00bb mobile_content_alignment=\u00bbinherit\u00bb link_target=\u00bb_self\u00bb text_content=\u00bbAsesoramiento experto desde el dise\u00f1o de la l\u00ednea de producci\u00f3n hasta su instalaci\u00f3n y optimizaci\u00f3n.\u00bb font_size=\u00bb1.3vw\u00bb font_line_height=\u00bb1.7&#8243; font_size_tablet=\u00bb18px\u00bb font_size_phone=\u00bb16px\u00bb text_direction=\u00bbdefault\u00bb][\/split_line_heading][\/vc_column_inner][vc_column_inner column_padding=\u00bbno-extra-padding\u00bb column_padding_tablet=\u00bbinherit\u00bb column_padding_phone=\u00bbinherit\u00bb column_padding_position=\u00bball\u00bb column_element_direction_desktop=\u00bbdefault\u00bb column_element_spacing=\u00bbdefault\u00bb desktop_text_alignment=\u00bbdefault\u00bb tablet_text_alignment=\u00bbdefault\u00bb phone_text_alignment=\u00bbdefault\u00bb background_color_opacity=\u00bb1&#8243; background_hover_color_opacity=\u00bb1&#8243; column_backdrop_filter=\u00bbnone\u00bb column_shadow=\u00bbnone\u00bb column_border_radius=\u00bbnone\u00bb column_link_target=\u00bb_self\u00bb overflow=\u00bbvisible\u00bb gradient_direction=\u00bbleft_to_right\u00bb overlay_strength=\u00bb0.3&#8243; width=\u00bb1\/4&#8243; tablet_width_inherit=\u00bbdefault\u00bb animation_type=\u00bbdefault\u00bb bg_image_animation=\u00bbnone\u00bb border_type=\u00bbsimple\u00bb column_border_width=\u00bbnone\u00bb column_border_style=\u00bbsolid\u00bb column_padding_type=\u00bbdefault\u00bb gradient_type=\u00bbdefault\u00bb offset=\u00bbvc_hidden-md vc_hidden-sm vc_hidden-xs\u00bb][nectar_cta btn_style=\u00bbnext-section\u00bb btn_type=\u00bbmouse-wheel\u00bb next_section_color=\u00bb#000000&#8243; alignment=\u00bbright\u00bb alignment_tablet=\u00bbright\u00bb alignment_phone=\u00bbdefault\u00bb display_tablet=\u00bbinherit\u00bb display_phone=\u00bbinherit\u00bb][\/vc_column_inner][\/vc_row_inner][\/vc_column][\/vc_row][vc_row type=\u00bbfull_width_content\u00bb full_screen_row_position=\u00bbmiddle\u00bb column_margin=\u00bb20px\u00bb equal_height=\u00bbyes\u00bb content_placement=\u00bbtop\u00bb column_direction=\u00bbdefault\u00bb column_direction_tablet=\u00bbdefault\u00bb column_direction_phone=\u00bbdefault\u00bb bg_color=\u00bb#FFFFFF\u00bb scene_position=\u00bbcenter\u00bb top_padding=\u00bb0%\u00bb bottom_padding=\u00bb20&#8243; left_padding_desktop=\u00bb55&#8243; constrain_group_2=\u00bbyes\u00bb right_padding_desktop=\u00bb55&#8243; left_padding_phone=\u00bb14px\u00bb constrain_group_6=\u00bbyes\u00bb right_padding_phone=\u00bb14px\u00bb bottom_margin=\u00bb0&#8243; text_color=\u00bbdark\u00bb text_align=\u00bbleft\u00bb row_border_radius=\u00bbnone\u00bb row_border_radius_applies=\u00bbbg\u00bb zindex=\u00bb10&#8243; overflow=\u00bbvisible\u00bb advanced_gradient_angle=\u00bb0&#8243; overlay_strength=\u00bb0.3&#8243; gradient_direction=\u00bbleft_to_right\u00bb shape_divider_position=\u00bbbottom\u00bb bg_image_animation=\u00bbnone\u00bb shape_type=\u00bb\u00bb gradient_type=\u00bbdefault\u00bb][vc_column top_padding_desktop=\u00bb4vw\u00bb bottom_padding_desktop=\u00bb4vw\u00bb left_padding_desktop=\u00bb4vw\u00bb constrain_group_101=\u00bbyes\u00bb right_padding_desktop=\u00bb4vw\u00bb top_padding_tablet=\u00bb8vw\u00bb constrain_group_102=\u00bbyes\u00bb bottom_padding_tablet=\u00bb8vw\u00bb left_padding_tablet=\u00bb8vw\u00bb constrain_group_103=\u00bbyes\u00bb right_padding_tablet=\u00bb8vw\u00bb bottom_margin_tablet=\u00bb20&#8243; column_element_direction_desktop=\u00bbdefault\u00bb column_element_spacing=\u00bb10px\u00bb desktop_text_alignment=\u00bbdefault\u00bb tablet_text_alignment=\u00bbdefault\u00bb phone_text_alignment=\u00bbdefault\u00bb background_color_opacity=\u00bb1&#8243; background_hover_color_opacity=\u00bb1&#8243; video_bg=\u00bbuse_video\u00bb video_mp4=\u00bbhttps:\/\/clevermelt.com\/wp-content\/uploads\/2025\/09\/visual-hooks-bg-3.mp4&#8243; background_video_loading=\u00bbdefault\u00bb column_backdrop_filter=\u00bbnone\u00bb font_color=\u00bb#ffffff\u00bb column_shadow=\u00bbnone\u00bb column_border_radius=\u00bb20px\u00bb column_link_target=\u00bb_self\u00bb column_position=\u00bbdefault\u00bb overflow=\u00bbhidden\u00bb enable_gradient=\u00bbtrue\u00bb color_overlay=\u00bb#662D91&#8243; color_overlay_2=\u00bb#5A189F\u00bb advanced_gradient_angle=\u00bb135&#8243; gradient_direction=\u00bbleft_to_right\u00bb overlay_strength=\u00bb0.8&#8243; width=\u00bb1\/2&#8243; tablet_width_inherit=\u00bbdefault\u00bb animation_type=\u00bbdefault\u00bb bg_image_animation=\u00bbnone\u00bb parallax_bg=\u00bbtrue\u00bb parallax_bg_speed=\u00bbminimum\u00bb border_type=\u00bbsimple\u00bb column_border_width=\u00bbnone\u00bb column_border_style=\u00bbsolid\u00bb gradient_type=\u00bbdefault\u00bb column_padding_type=\u00bbadvanced\u00bb][image_with_animation image_url=\u00bb910&#8243; image_size=\u00bbfull\u00bb max_width=\u00bbcustom\u00bb animation_type=\u00bbentrance\u00bb animation=\u00bbNone\u00bb animation_movement_type=\u00bbtransform_y\u00bb hover_animation=\u00bbnone\u00bb alignment=\u00bb\u00bb border_radius=\u00bbnone\u00bb box_shadow=\u00bbnone\u00bb image_loading=\u00bbdefault\u00bb max_width_custom=\u00bb180&#8243; margin_bottom=\u00bb40&#8243;][split_line_heading animation_type=\u00bbline-reveal-by-space\u00bb font_style=\u00bbp\u00bb line_reveal_by_space_text_effect=\u00bbnone\u00bb content_alignment=\u00bbdefault\u00bb mobile_content_alignment=\u00bbinherit\u00bb link_target=\u00bb_self\u00bb text_content=\u00bbOfrecemos servicios de consultor\u00eda especializada para la implantaci\u00f3n de l\u00edneas de producci\u00f3n y soluciones de final de l\u00ednea, centrados principalmente en la fabricaci\u00f3n de adhesivos termofusibles, aunque tambi\u00e9n abarcamos otros \u00e1mbitos. Nuestra experiencia se extiende a las industrias alimentaria y qu\u00edmica a nivel global, donde apoyamos a nuestros clientes con instalaciones piloto, soluciones avanzadas de envasado y proyectos integrales llave en mano totalmente automatizados.\u00bb font_size=\u00bb1.3vw\u00bb font_line_height=\u00bb1.7&#8243; font_size_tablet=\u00bb18px\u00bb font_size_phone=\u00bb16px\u00bb text_direction=\u00bbdefault\u00bb][\/split_line_heading][divider line_type=\u00bbNo Line\u00bb custom_height=\u00bb30&#8243;][vc_row_inner column_margin=\u00bbdefault\u00bb column_direction=\u00bbdefault\u00bb column_direction_tablet=\u00bbdefault\u00bb column_direction_phone=\u00bbdefault\u00bb text_align=\u00bbleft\u00bb row_position=\u00bbrelative\u00bb row_position_tablet=\u00bbinherit\u00bb row_position_phone=\u00bbinherit\u00bb right_position_desktop=\u00bb0&#8243; overflow=\u00bbvisible\u00bb pointer_events=\u00bball\u00bb][vc_column_inner top_padding_desktop=\u00bb3%\u00bb bottom_padding_desktop=\u00bb2%\u00bb left_padding_desktop=\u00bb3%\u00bb right_padding_desktop=\u00bb3%\u00bb top_margin=\u00bb20&#8243; bottom_margin=\u00bb0&#8243; right_margin=\u00bb0&#8243; column_element_direction_desktop=\u00bbdefault\u00bb column_element_spacing=\u00bbdefault\u00bb centered_text=\u00bbtrue\u00bb desktop_text_alignment=\u00bbdefault\u00bb tablet_text_alignment=\u00bbdefault\u00bb phone_text_alignment=\u00bbdefault\u00bb background_color=\u00bb#FFFFFF\u00bb background_color_opacity=\u00bb1&#8243; background_hover_color_opacity=\u00bb1&#8243; column_backdrop_filter=\u00bbnone\u00bb column_shadow=\u00bbnone\u00bb column_border_radius=\u00bb20px\u00bb column_link_target=\u00bb_self\u00bb overflow=\u00bbvisible\u00bb gradient_direction=\u00bbleft_to_right\u00bb overlay_strength=\u00bb0.3&#8243; width=\u00bb1\/1&#8243; tablet_width_inherit=\u00bbdefault\u00bb animation_type=\u00bbdefault\u00bb bg_image_animation=\u00bbnone\u00bb border_type=\u00bbsimple\u00bb column_border_width=\u00bbnone\u00bb column_border_style=\u00bbsolid\u00bb column_padding_type=\u00bbadvanced\u00bb gradient_type=\u00bbdefault\u00bb][nectar_responsive_text inherited_font_style=\u00bbdefault\u00bb font_size_min=\u00bb14px\u00bb font_size_max=\u00bb22px\u00bb text_color=\u00bb#662D91&#8243; font_size_desktop=\u00bb1.1vw\u00bb font_line_height=\u00bb1.5&#8243; text_direction=\u00bbdefault\u00bb]Inversiones en l\u00edneas de producci\u00f3n (perlas, pillows grandes y peque\u00f1os, bidones)[\/nectar_responsive_text][\/vc_column_inner][\/vc_row_inner][vc_row_inner column_margin=\u00bbdefault\u00bb column_direction=\u00bbdefault\u00bb column_direction_tablet=\u00bbdefault\u00bb column_direction_phone=\u00bbdefault\u00bb text_align=\u00bbleft\u00bb row_position=\u00bbrelative\u00bb row_position_tablet=\u00bbinherit\u00bb row_position_phone=\u00bbinherit\u00bb right_position_desktop=\u00bb0&#8243; overflow=\u00bbvisible\u00bb pointer_events=\u00bball\u00bb][vc_column_inner top_padding_desktop=\u00bb3%\u00bb bottom_padding_desktop=\u00bb2%\u00bb left_padding_desktop=\u00bb3%\u00bb right_padding_desktop=\u00bb3%\u00bb top_margin=\u00bb20&#8243; bottom_margin=\u00bb0&#8243; right_margin=\u00bb0&#8243; column_element_direction_desktop=\u00bbdefault\u00bb column_element_spacing=\u00bbdefault\u00bb centered_text=\u00bbtrue\u00bb desktop_text_alignment=\u00bbdefault\u00bb tablet_text_alignment=\u00bbdefault\u00bb phone_text_alignment=\u00bbdefault\u00bb background_color=\u00bb#FFFFFF\u00bb background_color_opacity=\u00bb1&#8243; background_hover_color_opacity=\u00bb1&#8243; column_backdrop_filter=\u00bbnone\u00bb column_shadow=\u00bbnone\u00bb column_border_radius=\u00bb20px\u00bb column_link_target=\u00bb_self\u00bb overflow=\u00bbvisible\u00bb gradient_direction=\u00bbleft_to_right\u00bb overlay_strength=\u00bb0.3&#8243; width=\u00bb1\/1&#8243; tablet_width_inherit=\u00bbdefault\u00bb animation_type=\u00bbdefault\u00bb bg_image_animation=\u00bbnone\u00bb border_type=\u00bbsimple\u00bb column_border_width=\u00bbnone\u00bb column_border_style=\u00bbsolid\u00bb column_padding_type=\u00bbadvanced\u00bb gradient_type=\u00bbdefault\u00bb][nectar_responsive_text inherited_font_style=\u00bbdefault\u00bb font_size_min=\u00bb14px\u00bb font_size_max=\u00bb22px\u00bb text_color=\u00bb#662D91&#8243; font_size_desktop=\u00bb1.1vw\u00bb font_line_height=\u00bb1.5&#8243; text_direction=\u00bbdefault\u00bb]Soluciones de envasado de final de l\u00ednea[\/nectar_responsive_text][\/vc_column_inner][\/vc_row_inner][\/vc_column][vc_column top_padding_desktop=\u00bb8vw\u00bb bottom_padding_desktop=\u00bb4vw\u00bb left_padding_desktop=\u00bb4vw\u00bb right_padding_desktop=\u00bb4vw\u00bb top_padding_tablet=\u00bb8vw\u00bb bottom_padding_tablet=\u00bb8vw\u00bb left_padding_tablet=\u00bb8vw\u00bb right_padding_tablet=\u00bb8vw\u00bb top_padding_phone=\u00bb15vh\u00bb bottom_padding_phone=\u00bb15vh\u00bb left_padding_phone=\u00bb8vw\u00bb right_padding_phone=\u00bb8vw\u00bb bottom_margin_tablet=\u00bb20&#8243; column_element_direction_desktop=\u00bbdefault\u00bb column_element_spacing=\u00bb10px\u00bb desktop_text_alignment=\u00bbdefault\u00bb tablet_text_alignment=\u00bbdefault\u00bb phone_text_alignment=\u00bbdefault\u00bb background_color_opacity=\u00bb1&#8243; background_hover_color_opacity=\u00bb1&#8243; background_image=\u00bb907&#8243; background_image_position=\u00bbcenter center\u00bb background_image_stacking=\u00bbdefault\u00bb background_image_loading=\u00bbskip-lazy-load\u00bb column_backdrop_filter=\u00bbnone\u00bb font_color=\u00bb#FFFFFF\u00bb column_shadow=\u00bbnone\u00bb column_border_radius=\u00bb20px\u00bb column_link_target=\u00bb_self\u00bb column_position=\u00bbdefault\u00bb color_overlay=\u00bb#00000026&#8243; advanced_gradient_angle=\u00bb0&#8243; gradient_direction=\u00bbleft_to_right\u00bb overlay_strength=\u00bb0.5&#8243; width=\u00bb1\/2&#8243; tablet_width_inherit=\u00bbdefault\u00bb animation_type=\u00bbdefault\u00bb bg_image_animation=\u00bbnone\u00bb parallax_bg=\u00bbtrue\u00bb parallax_bg_speed=\u00bbvery_subtle\u00bb border_type=\u00bbsimple\u00bb column_border_width=\u00bbnone\u00bb column_border_style=\u00bbsolid\u00bb gradient_type=\u00bbdefault\u00bb column_padding_type=\u00bbadvanced\u00bb][divider line_type=\u00bbNo Line\u00bb custom_height=\u00bb30&#8243;][\/vc_column][\/vc_row][vc_row type=\u00bbin_container\u00bb full_screen_row_position=\u00bbmiddle\u00bb column_margin=\u00bbdefault\u00bb column_direction=\u00bbdefault\u00bb column_direction_tablet=\u00bbdefault\u00bb column_direction_phone=\u00bbdefault\u00bb scene_position=\u00bbcenter\u00bb top_padding=\u00bb4%\u00bb text_color=\u00bbdark\u00bb text_align=\u00bbleft\u00bb row_border_radius=\u00bbnone\u00bb row_border_radius_applies=\u00bbbg\u00bb overflow=\u00bbvisible\u00bb overlay_strength=\u00bb0.3&#8243; gradient_direction=\u00bbleft_to_right\u00bb shape_divider_position=\u00bbbottom\u00bb bg_image_animation=\u00bbnone\u00bb gradient_type=\u00bbdefault\u00bb shape_type=\u00bb\u00bb][vc_column column_padding=\u00bbno-extra-padding\u00bb column_padding_tablet=\u00bbinherit\u00bb column_padding_phone=\u00bbinherit\u00bb column_padding_position=\u00bball\u00bb column_element_direction_desktop=\u00bbdefault\u00bb column_element_spacing=\u00bbdefault\u00bb desktop_text_alignment=\u00bbdefault\u00bb tablet_text_alignment=\u00bbdefault\u00bb phone_text_alignment=\u00bbdefault\u00bb background_color_opacity=\u00bb1&#8243; background_hover_color_opacity=\u00bb1&#8243; column_backdrop_filter=\u00bbnone\u00bb column_shadow=\u00bbnone\u00bb column_border_radius=\u00bbnone\u00bb column_link_target=\u00bb_self\u00bb column_position=\u00bbdefault\u00bb gradient_direction=\u00bbleft_to_right\u00bb overlay_strength=\u00bb0.3&#8243; width=\u00bb1\/1&#8243; tablet_width_inherit=\u00bbdefault\u00bb animation_type=\u00bbdefault\u00bb bg_image_animation=\u00bbnone\u00bb border_type=\u00bbsimple\u00bb column_border_width=\u00bbnone\u00bb column_border_style=\u00bbsolid\u00bb][nectar_global_section id=\u00bb1157&#8243;][\/vc_column][\/vc_row]\n","protected":false},"excerpt":{"rendered":"<p>[vc_row type=\u00bbfull_width_background\u00bb full_screen_row_position=\u00bbmiddle\u00bb column_margin=\u00bbdefault\u00bb equal_height=\u00bbyes\u00bb content_placement=\u00bbbottom\u00bb column_direction=\u00bbdefault\u00bb column_direction_tablet=\u00bbdefault\u00bb column_direction_phone=\u00bbdefault\u00bb scene_position=\u00bbcenter\u00bb top_padding=\u00bb8%\u00bb bottom_padding=\u00bb4%\u00bb top_padding_tablet=\u00bb20%\u00bb bottom_padding_tablet=\u00bb20%\u00bb top_padding_phone=\u00bb20%\u00bb bottom_padding_phone=\u00bb20%\u00bb text_color=\u00bbdark\u00bb text_align=\u00bbleft\u00bb row_border_radius=\u00bbnone\u00bb row_border_radius_applies=\u00bbbg\u00bb overflow=\u00bbvisible\u00bb class=\u00bbzoom-hero\u00bb color_overlay_2=\u00bb#FFFFFF\u00bb overlay_strength=\u00bb1&#8243; gradient_direction=\u00bbtop_to_bottom\u00bb shape_divider_position=\u00bbbottom\u00bb bg_image_animation=\u00bbclip-path\u00bb clip_path_animation_type=\u00bbscroll\u00bb clip_path_animation_applies=\u00bbdefault\u00bb clip_path_start_left_desktop=\u00bb0&#8243;&#8230;<\/p>\n","protected":false},"author":2,"featured_media":0,"parent":0,"menu_order":0,"comment_status":"closed","ping_status":"closed","template":"","meta":{"footnotes":""},"class_list":["post-1098","page","type-page","status-publish"],"_links":{"self":[{"href":"https:\/\/clevermelt.com\/es\/wp-json\/wp\/v2\/pages\/1098","targetHints":{"allow":["GET"]}}],"collection":[{"href":"https:\/\/clevermelt.com\/es\/wp-json\/wp\/v2\/pages"}],"about":[{"href":"https:\/\/clevermelt.com\/es\/wp-json\/wp\/v2\/types\/page"}],"author":[{"embeddable":true,"href":"https:\/\/clevermelt.com\/es\/wp-json\/wp\/v2\/users\/2"}],"replies":[{"embeddable":true,"href":"https:\/\/clevermelt.com\/es\/wp-json\/wp\/v2\/comments?post=1098"}],"version-history":[{"count":7,"href":"https:\/\/clevermelt.com\/es\/wp-json\/wp\/v2\/pages\/1098\/revisions"}],"predecessor-version":[{"id":1210,"href":"https:\/\/clevermelt.com\/es\/wp-json\/wp\/v2\/pages\/1098\/revisions\/1210"}],"wp:attachment":[{"href":"https:\/\/clevermelt.com\/es\/wp-json\/wp\/v2\/media?parent=1098"}],"curies":[{"name":"wp","href":"https:\/\/api.w.org\/{rel}","templated":true}]}}